{"id":2813,"date":"2019-09-29T13:04:28","date_gmt":"2019-09-29T12:04:28","guid":{"rendered":"https:\/\/www.artsjaumepla.com\/?page_id=2813"},"modified":"2019-09-30T20:05:01","modified_gmt":"2019-09-30T19:05:01","slug":"tc-0074-a-19-jp","status":"publish","type":"page","link":"https:\/\/www.artsjaumepla.com\/es\/tc-0074-a-19-jp\/","title":{"rendered":"TC-0074-A-19-JP"},"content":{"rendered":"<div class=\"wpb-content-wrapper\"><p>[vc_row css_animation=\u00bb\u00bb row_type=\u00bbrow\u00bb use_row_as_full_screen_section=\u00bbno\u00bb type=\u00bbfull_width\u00bb angled_section=\u00bbno\u00bb text_align=\u00bbleft\u00bb background_image_as_pattern=\u00bbwithout_pattern\u00bb][vc_column][vc_single_image image=\u00bb700&#8243; img_size=\u00bbfull\u00bb qode_css_animation=\u00bb\u00bb][\/vc_column][\/vc_row][vc_row css_animation=\u00bb\u00bb row_type=\u00bbrow\u00bb use_row_as_full_screen_section=\u00bbno\u00bb type=\u00bbfull_width\u00bb angled_section=\u00bbno\u00bb text_align=\u00bbleft\u00bb background_image_as_pattern=\u00bbwithout_pattern\u00bb][vc_column offset=\u00bbvc_hidden-xs\u00bb][vc_empty_space height=\u00bb80px\u00bb][\/vc_column][\/vc_row][vc_row css_animation=\u00bb\u00bb row_type=\u00bbrow\u00bb use_row_as_full_screen_section=\u00bbno\u00bb type=\u00bbgrid\u00bb angled_section=\u00bbno\u00bb text_align=\u00bbleft\u00bb background_image_as_pattern=\u00bbwithout_pattern\u00bb z_index=\u00bb\u00bb][vc_column offset=\u00bbvc_hidden-xs\u00bb]<a  itemprop=\"url\" href=\"https:\/\/www.artsjaumepla.com\/es\/shop\/\" target=\"_self\"  class=\"qbutton  small default\" style=\"\">VOLVER A LA TIENDA<\/a>[\/vc_column][\/vc_row][vc_row css_animation=\u00bb\u00bb row_type=\u00bbrow\u00bb use_row_as_full_screen_section=\u00bbyes\u00bb type=\u00bbgrid\u00bb angled_section=\u00bbno\u00bb text_align=\u00bbleft\u00bb background_image_as_pattern=\u00bbwithout_pattern\u00bb z_index=\u00bb\u00bb][vc_column width=\u00bb2\/3&#8243; offset=\u00bbvc_hidden-xs\u00bb][vc_empty_space][rev_slider_vc alias=\u00bbtc-0074-a-19-jp\u00bb][\/vc_column][vc_column width=\u00bb1\/3&#8243; css=\u00bb.vc_custom_1559578999484{margin-left: 20px !important;}\u00bb offset=\u00bbvc_hidden-xs\u00bb][vc_empty_space][vc_column_text]<\/p>\n<h2 class=\"product_title entry-title \">TC-0074-A-19-JP<\/h2>\n<p>[\/vc_column_text][vc_empty_space][vc_column_text]<\/p>\n<div class=\"formapetitaesquerra\"><\/div>\n<p>[\/vc_column_text][vc_empty_space][vc_column_text]<\/p>\n<h3>6.000,00 \u20ac (+ IVA)<\/h3>\n<p>[\/vc_column_text][vc_empty_space height=\u00bb8 px\u00bb][vc_column_text]<\/p>\n<h6>ENV\u00cdO GRATIS (2 &#8211; 4 semanas)<\/h6>\n<p>[\/vc_column_text][vc_empty_space]<a  itemprop=\"url\" href=\"https:\/\/www.artsjaumepla.com\/es\/product\/tc-0074-a-19-jp\/?add-to-cart=2726\" target=\"_self\"  class=\"qbutton  medium default\" style=\"\">COMPRAR<\/a>[vc_empty_space height=\u00bb128px\u00bb][vc_column_text]<\/p>\n<h6>Soporte : aluminio<br \/>\nAncho: <em>1800 mm<\/em><br \/>\nAlto: <em>900 mm<\/em><br \/>\nProfundidad: <em>30 mm<\/em><br \/>\nPeso : 8,2<em> kg<\/em><\/h6>\n<p>[\/vc_column_text][\/vc_column][\/vc_row][vc_row css_animation=\u00bb\u00bb row_type=\u00bbrow\u00bb use_row_as_full_screen_section=\u00bbyes\u00bb type=\u00bbgrid\u00bb angled_section=\u00bbno\u00bb text_align=\u00bbleft\u00bb background_image_as_pattern=\u00bbwithout_pattern\u00bb z_index=\u00bb\u00bb][vc_column width=\u00bb2\/3&#8243; offset=\u00bbvc_hidden-lg vc_hidden-md vc_hidden-sm\u00bb][vc_empty_space][rev_slider_vc alias=\u00bbtc-0079-a-19-jp\u00bb][\/vc_column][vc_column width=\u00bb1\/3&#8243; css=\u00bb.vc_custom_1559579015273{margin-left: 20px !important;}\u00bb offset=\u00bbvc_hidden-lg vc_hidden-md vc_hidden-sm\u00bb][vc_empty_space][vc_column_text]<\/p>\n<h2 class=\"product_title entry-title \">TC-0074-A-19-JP<\/h2>\n<p>[\/vc_column_text][vc_empty_space][vc_column_text]<\/p>\n<div class=\"formapetitaesquerra\"><\/div>\n<p>[\/vc_column_text][vc_empty_space][vc_column_text]<\/p>\n<h3>6.000,00 \u20ac (+ IVA)<\/h3>\n<p>[\/vc_column_text][vc_empty_space height=\u00bb8px\u00bb][vc_column_text]<\/p>\n<h6>ENV\u00cdO GRATIS (2 &#8211; 4 semanas)<\/h6>\n<p>[\/vc_column_text][vc_empty_space]<a  itemprop=\"url\" href=\"https:\/\/www.artsjaumepla.com\/es\/product\/tc-0074-a-19-jp\/?add-to-cart=2726\" target=\"_self\"  class=\"qbutton  medium default\" style=\"\">COMPRAR<\/a>[vc_empty_space]<a  itemprop=\"url\" href=\"https:\/\/www.artsjaumepla.com\/es\/shop\/\" target=\"_self\"  class=\"qbutton  small default\" style=\"\">VOLVER A LA TIENDA<\/a>[vc_empty_space height=\u00bb64px\u00bb][vc_column_text]<\/p>\n<h6>Soporte : aluminio<br \/>\nAncho: <em>1800 mm<\/em><br \/>\nAlto: <em>900 mm<\/em><br \/>\nProfundidad: <em>30 mm<\/em><br \/>\nPeso : 8,2<em> kg<\/em><\/h6>\n<p>[\/vc_column_text][\/vc_column][\/vc_row][vc_row css_animation=\u00bb\u00bb row_type=\u00bbrow\u00bb use_row_as_full_screen_section=\u00bbno\u00bb type=\u00bbfull_width\u00bb angled_section=\u00bbno\u00bb text_align=\u00bbleft\u00bb background_image_as_pattern=\u00bbwithout_pattern\u00bb z_index=\u00bb\u00bb][vc_column offset=\u00bbvc_hidden-xs\u00bb][vc_empty_space height=\u00bb144px\u00bb][\/vc_column][\/vc_row][vc_row css_animation=\u00bb\u00bb row_type=\u00bbrow\u00bb use_row_as_full_screen_section=\u00bbno\u00bb type=\u00bbfull_width\u00bb angled_section=\u00bbno\u00bb text_align=\u00bbleft\u00bb background_image_as_pattern=\u00bbwithout_pattern\u00bb z_index=\u00bb\u00bb][vc_column offset=\u00bbvc_hidden-lg vc_hidden-md vc_hidden-sm\u00bb][vc_empty_space height=\u00bb64px\u00bb][\/vc_column][\/vc_row][vc_row css_animation=\u00bb\u00bb row_type=\u00bbrow\u00bb use_row_as_full_screen_section=\u00bbno\u00bb type=\u00bbgrid\u00bb angled_section=\u00bbno\u00bb text_align=\u00bbleft\u00bb background_image_as_pattern=\u00bbwithout_pattern\u00bb z_index=\u00bb\u00bb css=\u00bb.vc_custom_1559525109357{background-color: #595959 !important;}\u00bb][vc_column][vc_empty_space height=\u00bb64px\u00bb][vc_column_text]<\/p>\n<div class=\"formapetitaesquerra\"><\/div>\n<p>[\/vc_column_text][vc_empty_space height=\u00bb56px\u00bb][vc_column_text]<span style=\"color: #d9d9d9;\">Obra art\u00edstica que combina la mano y la t\u00e9cnica creativas con la perfecci\u00f3n del coche.<\/span><\/p>\n<p><span style=\"color: #d9d9d9;\"><br \/>\nPinturas y lacas de primera calidad. Cromax.<br \/>\nPieza \u00fanica y exclusiva.<br \/>\nCertificado de autenticidad + firma del autor.<br \/>\nColores garantizados para toda la vida.<br \/>\nReparable.<\/span>[\/vc_column_text][vc_empty_space height=\u00bb128px\u00bb][\/vc_column][\/vc_row][vc_row css_animation=\u00bb\u00bb row_type=\u00bbrow\u00bb use_row_as_full_screen_section=\u00bbno\u00bb type=\u00bbfull_width\u00bb angled_section=\u00bbno\u00bb text_align=\u00bbleft\u00bb background_image_as_pattern=\u00bbwithout_pattern\u00bb background_color=\u00bb#ffffff\u00bb css=\u00bb.vc_custom_1559552035315{background-color: #ffffff !important;}\u00bb z_index=\u00bb\u00bb][vc_column][vc_empty_space height=\u00bb41px\u00bb][\/vc_column][\/vc_row][vc_row css_animation=\u00bb\u00bb row_type=\u00bbrow\u00bb use_row_as_full_screen_section=\u00bbno\u00bb type=\u00bbgrid\u00bb angled_section=\u00bbno\u00bb text_align=\u00bbleft\u00bb background_image_as_pattern=\u00bbwithout_pattern\u00bb z_index=\u00bb\u00bb][vc_column offset=\u00bbvc_hidden-xs\u00bb][vc_empty_space height=\u00bb64px\u00bb][vc_single_image image=\u00bb484&#8243; img_size=\u00bbfull\u00bb alignment=\u00bbcenter\u00bb qode_css_animation=\u00bb\u00bb][vc_empty_space height=\u00bb64px\u00bb][\/vc_column][\/vc_row][vc_row css_animation=\u00bb\u00bb row_type=\u00bbrow\u00bb use_row_as_full_screen_section=\u00bbno\u00bb type=\u00bbgrid\u00bb angled_section=\u00bbno\u00bb text_align=\u00bbleft\u00bb background_image_as_pattern=\u00bbwithout_pattern\u00bb z_index=\u00bb\u00bb][vc_column width=\u00bb1\/6&#8243; offset=\u00bbvc_hidden-xs\u00bb][vc_column_text]<\/p>\n<h1 style=\"text-align: right;\"><a href=\"https:\/\/www.artsjaumepla.com\/es\/\">Jaume Pla<\/a><\/h1>\n<p>[\/vc_column_text][vc_column_text css=\u00bb.vc_custom_1569869695761{margin-top: -15px !important;}\u00bb]<\/p>\n<h3 style=\"text-align: right;\"><a href=\"https:\/\/www.artsjaumepla.com\/es\/\"><span style=\"color: #eaa702;\">ARTS<\/span><\/a><\/h3>\n<p>[\/vc_column_text][\/vc_column][vc_column width=\u00bb1\/6&#8243;][\/vc_column][vc_column width=\u00bb1\/6&#8243;][\/vc_column][vc_column width=\u00bb1\/6&#8243;][\/vc_column][vc_column width=\u00bb1\/6&#8243;][\/vc_column][vc_column width=\u00bb1\/6&#8243; offset=\u00bbvc_hidden-xs\u00bb]<span class='q_social_icon_holder normal_social' data-hover-color=#b2a796><a itemprop='url' href='https:\/\/www.facebook.com\/artsjaumepla' target='_blank'><i class=\"qode_icon_font_awesome fa fa-facebook fa-lg simple_social\" style=\"\" ><\/i><\/a><\/span><span class='q_social_icon_holder normal_social' data-hover-color=#b2a796><a itemprop='url' href='https:\/\/www.instagram.com\/artsjaumepla\/' target='_blank'><i class=\"qode_icon_font_awesome fa fa-instagram fa-lg simple_social\" style=\"\" ><\/i><\/a><\/span>[\/vc_column][\/vc_row][vc_row css_animation=\u00bb\u00bb row_type=\u00bbrow\u00bb use_row_as_full_screen_section=\u00bbno\u00bb type=\u00bbgrid\u00bb angled_section=\u00bbno\u00bb text_align=\u00bbleft\u00bb background_image_as_pattern=\u00bbwithout_pattern\u00bb z_index=\u00bb\u00bb][vc_column offset=\u00bbvc_hidden-xs\u00bb][vc_empty_space height=\u00bb64px\u00bb][\/vc_column][\/vc_row][vc_row css_animation=\u00bb\u00bb row_type=\u00bbrow\u00bb use_row_as_full_screen_section=\u00bbno\u00bb type=\u00bbgrid\u00bb angled_section=\u00bbno\u00bb text_align=\u00bbleft\u00bb background_image_as_pattern=\u00bbwithout_pattern\u00bb z_index=\u00bb\u00bb][vc_column width=\u00bb1\/6&#8243; offset=\u00bbvc_hidden-xs\u00bb][vc_column_text]<\/p>\n<h2 style=\"text-align: right;\"><a href=\"https:\/\/www.artsjaumepla.com\/es\/shop\/\">TIENDA<\/a><\/h2>\n<p>[\/vc_column_text][\/vc_column][vc_column width=\u00bb1\/6&#8243; offset=\u00bbvc_hidden-xs\u00bb][vc_column_text]<\/p>\n<h2 style=\"text-align: right;\"><a href=\"https:\/\/www.artsjaumepla.com\/es\/cuadros\/\">CUADROS<\/a><\/h2>\n<p>[\/vc_column_text][\/vc_column][vc_column width=\u00bb1\/6&#8243; offset=\u00bbvc_hidden-xs\u00bb][vc_column_text]<\/p>\n<h2 style=\"text-align: right;\"><a href=\"https:\/\/www.artsjaumepla.com\/es\/autor\/\">AUTOR<\/a><\/h2>\n<p>[\/vc_column_text][\/vc_column][vc_column width=\u00bb1\/6&#8243; offset=\u00bbvc_hidden-xs\u00bb][vc_column_text]<\/p>\n<h2 style=\"text-align: right;\"><a href=\"https:\/\/www.artsjaumepla.com\/es\/inspiracion\/\">INSPIRACI\u00d3N<\/a><\/h2>\n<p>[\/vc_column_text][\/vc_column][vc_column width=\u00bb1\/6&#8243; offset=\u00bbvc_hidden-xs\u00bb][vc_column_text]<\/p>\n<h2 style=\"text-align: right;\"><a href=\"https:\/\/www.artsjaumepla.com\/es\/contacto\/\">CONTACTO<\/a><\/h2>\n<p>[\/vc_column_text][\/vc_column][vc_column width=\u00bb1\/6&#8243;][\/vc_column][\/vc_row][vc_row css_animation=\u00bb\u00bb row_type=\u00bbrow\u00bb use_row_as_full_screen_section=\u00bbno\u00bb type=\u00bbgrid\u00bb angled_section=\u00bbno\u00bb text_align=\u00bbleft\u00bb background_image_as_pattern=\u00bbwithout_pattern\u00bb z_index=\u00bb\u00bb][vc_column offset=\u00bbvc_hidden-xs\u00bb][vc_empty_space height=\u00bb52px\u00bb][\/vc_column][\/vc_row][vc_row css_animation=\u00bb\u00bb row_type=\u00bbrow\u00bb use_row_as_full_screen_section=\u00bbno\u00bb type=\u00bbgrid\u00bb angled_section=\u00bbno\u00bb text_align=\u00bbleft\u00bb background_image_as_pattern=\u00bbwithout_pattern\u00bb z_index=\u00bb\u00bb][vc_column offset=\u00bbvc_hidden-xs\u00bb][vc_empty_space height=\u00bb26px\u00bb][\/vc_column][\/vc_row][vc_row css_animation=\u00bb\u00bb row_type=\u00bbrow\u00bb use_row_as_full_screen_section=\u00bbno\u00bb type=\u00bbgrid\u00bb angled_section=\u00bbno\u00bb text_align=\u00bbleft\u00bb background_image_as_pattern=\u00bbwithout_pattern\u00bb z_index=\u00bb\u00bb][vc_column width=\u00bb1\/6&#8243; offset=\u00bbvc_hidden-xs\u00bb][vc_column_text]<\/p>\n<h6 style=\"text-align: right;\">\u00a9 copyright 2019<\/h6>\n<p>[\/vc_column_text][\/vc_column][vc_column width=\u00bb1\/6&#8243;][\/vc_column][vc_column width=\u00bb1\/6&#8243;][\/vc_column][vc_column width=\u00bb1\/6&#8243;][\/vc_column][vc_column width=\u00bb1\/6&#8243;][\/vc_column][vc_column width=\u00bb1\/6&#8243;][\/vc_column][\/vc_row][vc_row css_animation=\u00bb\u00bb row_type=\u00bbrow\u00bb use_row_as_full_screen_section=\u00bbno\u00bb type=\u00bbgrid\u00bb angled_section=\u00bbno\u00bb text_align=\u00bbleft\u00bb background_image_as_pattern=\u00bbwithout_pattern\u00bb z_index=\u00bb\u00bb][vc_column offset=\u00bbvc_hidden-xs\u00bb][vc_empty_space height=\u00bb100px\u00bb][\/vc_column][\/vc_row][vc_row css_animation=\u00bb\u00bb row_type=\u00bbrow\u00bb use_row_as_full_screen_section=\u00bbno\u00bb type=\u00bbfull_width\u00bb angled_section=\u00bbno\u00bb text_align=\u00bbcenter\u00bb background_image_as_pattern=\u00bbwithout_pattern\u00bb z_index=\u00bb\u00bb][vc_column offset=\u00bbvc_hidden-lg vc_hidden-md vc_hidden-sm\u00bb][vc_empty_space][vc_column_text css=\u00bb.vc_custom_1569869807227{margin-bottom: 10px !important;}\u00bb]<\/p>\n<h1 style=\"text-align: center;\"><a href=\"https:\/\/www.artsjaumepla.com\/es\/\">Jaume Pla<\/a><\/h1>\n<p>[\/vc_column_text][vc_column_text css=\u00bb.vc_custom_1569869818893{margin-top: -15px !important;}\u00bb]<\/p>\n<h3 style=\"text-align: center;\"><a href=\"https:\/\/www.artsjaumepla.com\/es\/\"><span style=\"color: #eaa702;\">ARTS<\/span><\/a><\/h3>\n<p>[\/vc_column_text][vc_empty_space height=\u00bb48px\u00bb][vc_column_text]<\/p>\n<h2 style=\"text-align: center;\"><a href=\"https:\/\/www.artsjaumepla.com\/es\/shop\/\">TIENDA<\/a><\/h2>\n<p>[\/vc_column_text][vc_empty_space height=\u00bb8px\u00bb][vc_column_text]<\/p>\n<h2 style=\"text-align: center;\"><a href=\"https:\/\/www.artsjaumepla.com\/es\/cuadros\/\">CUADROS<\/a><\/h2>\n<p>[\/vc_column_text][vc_empty_space height=\u00bb8px\u00bb][vc_column_text]<\/p>\n<h2 style=\"text-align: center;\"><a href=\"https:\/\/www.artsjaumepla.com\/es\/autor\/\">AUTOR<\/a><\/h2>\n<p>[\/vc_column_text][vc_empty_space height=\u00bb8px\u00bb][vc_column_text]<\/p>\n<h2 style=\"text-align: center;\"><a href=\"https:\/\/www.artsjaumepla.com\/es\/inspiracion\/\">INSPIRACI\u00d3N<\/a><\/h2>\n<p>[\/vc_column_text][vc_empty_space height=\u00bb8px\u00bb][vc_column_text]<\/p>\n<h2 style=\"text-align: center;\"><a href=\"https:\/\/www.artsjaumepla.com\/es\/contacto\/\">CONTACTO<\/a><\/h2>\n<p>[\/vc_column_text][vc_empty_space height=\u00bb48px\u00bb]<span class='q_social_icon_holder normal_social' data-hover-color=#b2a796><i class=\"qode_icon_font_awesome fa fa-facebook fa-lg simple_social\" style=\"\" ><\/i><\/span><span class='q_social_icon_holder normal_social' data-hover-color=#b2a796><i class=\"qode_icon_font_awesome fa fa-instagram fa-lg simple_social\" style=\"\" ><\/i><\/span>[vc_empty_space][vc_column_text]<\/p>\n<h6 style=\"text-align: center;\">\u00a9 copyright 2019<\/h6>\n<p>[\/vc_column_text][vc_empty_space][\/vc_column][\/vc_row]<\/p>\n<\/div>","protected":false},"excerpt":{"rendered":"<p>[vc_row css_animation=\u00bb\u00bb row_type=\u00bbrow\u00bb use_row_as_full_screen_section=\u00bbno\u00bb type=\u00bbfull_width\u00bb angled_section=\u00bbno\u00bb text_align=\u00bbleft\u00bb background_image_as_pattern=\u00bbwithout_pattern\u00bb][vc_column][vc_single_image image=\u00bb700&#8243; img_size=\u00bbfull\u00bb qode_css_animation=\u00bb\u00bb][\/vc_column][\/vc_row][vc_row css_animation=\u00bb\u00bb row_type=\u00bbrow\u00bb use_row_as_full_screen_section=\u00bbno\u00bb type=\u00bbfull_width\u00bb angled_section=\u00bbno\u00bb text_align=\u00bbleft\u00bb background_image_as_pattern=\u00bbwithout_pattern\u00bb][vc_column offset=\u00bbvc_hidden-xs\u00bb][vc_empty_space height=\u00bb80px\u00bb][\/vc_column][\/vc_row][vc_row css_animation=\u00bb\u00bb row_type=\u00bbrow\u00bb use_row_as_full_screen_section=\u00bbno\u00bb type=\u00bbgrid\u00bb angled_section=\u00bbno\u00bb text_align=\u00bbleft\u00bb background_image_as_pattern=\u00bbwithout_pattern\u00bb z_index=\u00bb\u00bb][vc_column offset=\u00bbvc_hidden-xs\u00bb][\/vc_column][\/vc_row][vc_row css_animation=\u00bb\u00bb row_type=\u00bbrow\u00bb use_row_as_full_screen_section=\u00bbyes\u00bb type=\u00bbgrid\u00bb angled_section=\u00bbno\u00bb text_align=\u00bbleft\u00bb background_image_as_pattern=\u00bbwithout_pattern\u00bb z_index=\u00bb\u00bb][vc_column width=\u00bb2\/3&#8243; offset=\u00bbvc_hidden-xs\u00bb][vc_empty_space][rev_slider_vc alias=\u00bbtc-0074-a-19-jp\u00bb][\/vc_column][vc_column width=\u00bb1\/3&#8243; css=\u00bb.vc_custom_1559578999484{margin-left: 20px !important;}\u00bb offset=\u00bbvc_hidden-xs\u00bb][vc_empty_space][vc_column_text]&#8230;<\/p>\n","protected":false},"author":1,"featured_media":0,"parent":0,"menu_order":0,"comment_status":"closed","ping_status":"closed","template":"full_width.php","meta":{"_exactmetrics_skip_tracking":false,"_exactmetrics_sitenote_active":false,"_exactmetrics_sitenote_note":"","_exactmetrics_sitenote_category":0,"footnotes":""},"class_list":["post-2813","page","type-page","status-publish","hentry"],"yoast_head":"<!-- This site is optimized with the Yoast SEO plugin v26.8 - https:\/\/yoast.com\/product\/yoast-seo-wordpress\/ -->\n<title>TC-0074-A-19-JP | Arts Jaume Pla<\/title>\n<meta name=\"robots\" content=\"index, follow, max-snippet:-1, max-image-preview:large, max-video-preview:-1\" \/>\n<link rel=\"canonical\" href=\"https:\/\/www.artsjaumepla.com\/es\/tc-0074-a-19-jp\/\" \/>\n<meta property=\"og:locale\" content=\"es_ES\" \/>\n<meta property=\"og:type\" content=\"article\" \/>\n<meta property=\"og:title\" content=\"TC-0074-A-19-JP | Arts Jaume Pla\" \/>\n<meta property=\"og:description\" content=\"[vc_row css_animation=\u00bb\u00bb row_type=\u00bbrow\u00bb use_row_as_full_screen_section=\u00bbno\u00bb type=\u00bbfull_width\u00bb angled_section=\u00bbno\u00bb text_align=\u00bbleft\u00bb background_image_as_pattern=\u00bbwithout_pattern\u00bb][vc_column][vc_single_image image=\u00bb700&#8243; img_size=\u00bbfull\u00bb qode_css_animation=\u00bb\u00bb][\/vc_column][\/vc_row][vc_row css_animation=\u00bb\u00bb row_type=\u00bbrow\u00bb use_row_as_full_screen_section=\u00bbno\u00bb type=\u00bbfull_width\u00bb angled_section=\u00bbno\u00bb text_align=\u00bbleft\u00bb background_image_as_pattern=\u00bbwithout_pattern\u00bb][vc_column offset=\u00bbvc_hidden-xs\u00bb][vc_empty_space height=\u00bb80px\u00bb][\/vc_column][\/vc_row][vc_row css_animation=\u00bb\u00bb row_type=\u00bbrow\u00bb use_row_as_full_screen_section=\u00bbno\u00bb type=\u00bbgrid\u00bb angled_section=\u00bbno\u00bb text_align=\u00bbleft\u00bb background_image_as_pattern=\u00bbwithout_pattern\u00bb z_index=\u00bb\u00bb][vc_column offset=\u00bbvc_hidden-xs\u00bb][\/vc_column][\/vc_row][vc_row css_animation=\u00bb\u00bb row_type=\u00bbrow\u00bb use_row_as_full_screen_section=\u00bbyes\u00bb type=\u00bbgrid\u00bb angled_section=\u00bbno\u00bb text_align=\u00bbleft\u00bb background_image_as_pattern=\u00bbwithout_pattern\u00bb z_index=\u00bb\u00bb][vc_column width=\u00bb2\/3&#8243; offset=\u00bbvc_hidden-xs\u00bb][vc_empty_space][rev_slider_vc alias=\u00bbtc-0074-a-19-jp\u00bb][\/vc_column][vc_column width=\u00bb1\/3&#8243; css=\u00bb.vc_custom_1559578999484{margin-left: 20px !important;}\u00bb offset=\u00bbvc_hidden-xs\u00bb][vc_empty_space][vc_column_text]...\" \/>\n<meta property=\"og:url\" content=\"https:\/\/www.artsjaumepla.com\/es\/tc-0074-a-19-jp\/\" \/>\n<meta property=\"og:site_name\" content=\"Arts Jaume Pla\" \/>\n<meta property=\"article:modified_time\" content=\"2019-09-30T19:05:01+00:00\" \/>\n<meta name=\"twitter:card\" content=\"summary_large_image\" \/>\n<meta name=\"twitter:label1\" content=\"Tiempo de lectura\" \/>\n\t<meta name=\"twitter:data1\" content=\"8 minutos\" \/>\n<script type=\"application\/ld+json\" class=\"yoast-schema-graph\">{\"@context\":\"https:\/\/schema.org\",\"@graph\":[{\"@type\":\"WebPage\",\"@id\":\"https:\/\/www.artsjaumepla.com\/es\/tc-0074-a-19-jp\/\",\"url\":\"https:\/\/www.artsjaumepla.com\/es\/tc-0074-a-19-jp\/\",\"name\":\"TC-0074-A-19-JP | Arts Jaume Pla\",\"isPartOf\":{\"@id\":\"https:\/\/www.artsjaumepla.com\/#website\"},\"datePublished\":\"2019-09-29T12:04:28+00:00\",\"dateModified\":\"2019-09-30T19:05:01+00:00\",\"breadcrumb\":{\"@id\":\"https:\/\/www.artsjaumepla.com\/es\/tc-0074-a-19-jp\/#breadcrumb\"},\"inLanguage\":\"es\",\"potentialAction\":[{\"@type\":\"ReadAction\",\"target\":[\"https:\/\/www.artsjaumepla.com\/es\/tc-0074-a-19-jp\/\"]}]},{\"@type\":\"BreadcrumbList\",\"@id\":\"https:\/\/www.artsjaumepla.com\/es\/tc-0074-a-19-jp\/#breadcrumb\",\"itemListElement\":[{\"@type\":\"ListItem\",\"position\":1,\"name\":\"Inici\",\"item\":\"https:\/\/www.artsjaumepla.com\/es\/\"},{\"@type\":\"ListItem\",\"position\":2,\"name\":\"TC-0074-A-19-JP\"}]},{\"@type\":\"WebSite\",\"@id\":\"https:\/\/www.artsjaumepla.com\/#website\",\"url\":\"https:\/\/www.artsjaumepla.com\/\",\"name\":\"Arts Jaume Pla\",\"description\":\"Jaume pla\",\"potentialAction\":[{\"@type\":\"SearchAction\",\"target\":{\"@type\":\"EntryPoint\",\"urlTemplate\":\"https:\/\/www.artsjaumepla.com\/?s={search_term_string}\"},\"query-input\":{\"@type\":\"PropertyValueSpecification\",\"valueRequired\":true,\"valueName\":\"search_term_string\"}}],\"inLanguage\":\"es\"}]}<\/script>\n<!-- \/ Yoast SEO plugin. -->","yoast_head_json":{"title":"TC-0074-A-19-JP | Arts Jaume Pla","robots":{"index":"index","follow":"follow","max-snippet":"max-snippet:-1","max-image-preview":"max-image-preview:large","max-video-preview":"max-video-preview:-1"},"canonical":"https:\/\/www.artsjaumepla.com\/es\/tc-0074-a-19-jp\/","og_locale":"es_ES","og_type":"article","og_title":"TC-0074-A-19-JP | Arts Jaume Pla","og_description":"[vc_row css_animation=\u00bb\u00bb row_type=\u00bbrow\u00bb use_row_as_full_screen_section=\u00bbno\u00bb type=\u00bbfull_width\u00bb angled_section=\u00bbno\u00bb text_align=\u00bbleft\u00bb background_image_as_pattern=\u00bbwithout_pattern\u00bb][vc_column][vc_single_image image=\u00bb700&#8243; img_size=\u00bbfull\u00bb qode_css_animation=\u00bb\u00bb][\/vc_column][\/vc_row][vc_row css_animation=\u00bb\u00bb row_type=\u00bbrow\u00bb use_row_as_full_screen_section=\u00bbno\u00bb type=\u00bbfull_width\u00bb angled_section=\u00bbno\u00bb text_align=\u00bbleft\u00bb background_image_as_pattern=\u00bbwithout_pattern\u00bb][vc_column offset=\u00bbvc_hidden-xs\u00bb][vc_empty_space height=\u00bb80px\u00bb][\/vc_column][\/vc_row][vc_row css_animation=\u00bb\u00bb row_type=\u00bbrow\u00bb use_row_as_full_screen_section=\u00bbno\u00bb type=\u00bbgrid\u00bb angled_section=\u00bbno\u00bb text_align=\u00bbleft\u00bb background_image_as_pattern=\u00bbwithout_pattern\u00bb z_index=\u00bb\u00bb][vc_column offset=\u00bbvc_hidden-xs\u00bb][\/vc_column][\/vc_row][vc_row css_animation=\u00bb\u00bb row_type=\u00bbrow\u00bb use_row_as_full_screen_section=\u00bbyes\u00bb type=\u00bbgrid\u00bb angled_section=\u00bbno\u00bb text_align=\u00bbleft\u00bb background_image_as_pattern=\u00bbwithout_pattern\u00bb z_index=\u00bb\u00bb][vc_column width=\u00bb2\/3&#8243; offset=\u00bbvc_hidden-xs\u00bb][vc_empty_space][rev_slider_vc alias=\u00bbtc-0074-a-19-jp\u00bb][\/vc_column][vc_column width=\u00bb1\/3&#8243; css=\u00bb.vc_custom_1559578999484{margin-left: 20px !important;}\u00bb offset=\u00bbvc_hidden-xs\u00bb][vc_empty_space][vc_column_text]...","og_url":"https:\/\/www.artsjaumepla.com\/es\/tc-0074-a-19-jp\/","og_site_name":"Arts Jaume Pla","article_modified_time":"2019-09-30T19:05:01+00:00","twitter_card":"summary_large_image","twitter_misc":{"Tiempo de lectura":"8 minutos"},"schema":{"@context":"https:\/\/schema.org","@graph":[{"@type":"WebPage","@id":"https:\/\/www.artsjaumepla.com\/es\/tc-0074-a-19-jp\/","url":"https:\/\/www.artsjaumepla.com\/es\/tc-0074-a-19-jp\/","name":"TC-0074-A-19-JP | Arts Jaume Pla","isPartOf":{"@id":"https:\/\/www.artsjaumepla.com\/#website"},"datePublished":"2019-09-29T12:04:28+00:00","dateModified":"2019-09-30T19:05:01+00:00","breadcrumb":{"@id":"https:\/\/www.artsjaumepla.com\/es\/tc-0074-a-19-jp\/#breadcrumb"},"inLanguage":"es","potentialAction":[{"@type":"ReadAction","target":["https:\/\/www.artsjaumepla.com\/es\/tc-0074-a-19-jp\/"]}]},{"@type":"BreadcrumbList","@id":"https:\/\/www.artsjaumepla.com\/es\/tc-0074-a-19-jp\/#breadcrumb","itemListElement":[{"@type":"ListItem","position":1,"name":"Inici","item":"https:\/\/www.artsjaumepla.com\/es\/"},{"@type":"ListItem","position":2,"name":"TC-0074-A-19-JP"}]},{"@type":"WebSite","@id":"https:\/\/www.artsjaumepla.com\/#website","url":"https:\/\/www.artsjaumepla.com\/","name":"Arts Jaume Pla","description":"Jaume pla","potentialAction":[{"@type":"SearchAction","target":{"@type":"EntryPoint","urlTemplate":"https:\/\/www.artsjaumepla.com\/?s={search_term_string}"},"query-input":{"@type":"PropertyValueSpecification","valueRequired":true,"valueName":"search_term_string"}}],"inLanguage":"es"}]}},"_links":{"self":[{"href":"https:\/\/www.artsjaumepla.com\/es\/wp-json\/wp\/v2\/pages\/2813","targetHints":{"allow":["GET"]}}],"collection":[{"href":"https:\/\/www.artsjaumepla.com\/es\/wp-json\/wp\/v2\/pages"}],"about":[{"href":"https:\/\/www.artsjaumepla.com\/es\/wp-json\/wp\/v2\/types\/page"}],"author":[{"embeddable":true,"href":"https:\/\/www.artsjaumepla.com\/es\/wp-json\/wp\/v2\/users\/1"}],"replies":[{"embeddable":true,"href":"https:\/\/www.artsjaumepla.com\/es\/wp-json\/wp\/v2\/comments?post=2813"}],"version-history":[{"count":5,"href":"https:\/\/www.artsjaumepla.com\/es\/wp-json\/wp\/v2\/pages\/2813\/revisions"}],"predecessor-version":[{"id":2982,"href":"https:\/\/www.artsjaumepla.com\/es\/wp-json\/wp\/v2\/pages\/2813\/revisions\/2982"}],"wp:attachment":[{"href":"https:\/\/www.artsjaumepla.com\/es\/wp-json\/wp\/v2\/media?parent=2813"}],"curies":[{"name":"wp","href":"https:\/\/api.w.org\/{rel}","templated":true}]}}