{"id":1995,"date":"2019-09-24T21:47:00","date_gmt":"2019-09-24T20:47:00","guid":{"rendered":"https:\/\/www.artsjaumepla.com\/?page_id=1995"},"modified":"2019-09-30T19:48:32","modified_gmt":"2019-09-30T18:48:32","slug":"autor","status":"publish","type":"page","link":"https:\/\/www.artsjaumepla.com\/ca\/autor\/","title":{"rendered":"Autor"},"content":{"rendered":"<div class=\"wpb-content-wrapper\"><p>[vc_row css_animation=&#8221;&#8221; row_type=&#8221;row&#8221; use_row_as_full_screen_section=&#8221;no&#8221; type=&#8221;grid&#8221; angled_section=&#8221;no&#8221; text_align=&#8221;center&#8221; background_image_as_pattern=&#8221;without_pattern&#8221; z_index=&#8221;&#8221;][vc_column offset=&#8221;vc_hidden-xs&#8221;][vc_empty_space height=&#8221;61px&#8221;][\/vc_column][\/vc_row][vc_row css_animation=&#8221;&#8221; row_type=&#8221;row&#8221; use_row_as_full_screen_section=&#8221;no&#8221; type=&#8221;grid&#8221; angled_section=&#8221;no&#8221; text_align=&#8221;center&#8221; background_image_as_pattern=&#8221;without_pattern&#8221; z_index=&#8221;&#8221;][vc_column offset=&#8221;vc_hidden-lg vc_hidden-md vc_hidden-sm&#8221;][vc_empty_space height=&#8221;23px&#8221;][\/vc_column][\/vc_row][vc_row css_animation=&#8221;&#8221; row_type=&#8221;row&#8221; use_row_as_full_screen_section=&#8221;yes&#8221; type=&#8221;full_width&#8221; angled_section=&#8221;no&#8221; text_align=&#8221;center&#8221; background_image_as_pattern=&#8221;without_pattern&#8221; z_index=&#8221;&#8221; css=&#8221;.vc_custom_1547375370542{margin-right: 75px !important;margin-left: 75px !important;}&#8221;][vc_column width=&#8221;1\/2&#8243; offset=&#8221;vc_hidden-xs&#8221;][vc_column_text]<\/p>\n<h3 style=\"text-align: left;\">_autor<\/h3>\n<p>[\/vc_column_text][\/vc_column][vc_column width=&#8221;1\/2&#8243; offset=&#8221;vc_hidden-xs&#8221;][vc_column_text css=&#8221;.vc_custom_1554823234264{margin-right: 50px !important;}&#8221;]<\/p>\n<h1 style=\"text-align: right;\">Jaume Pla<\/h1>\n<p>[\/vc_column_text][vc_column_text css=&#8221;.vc_custom_1554720649711{margin-top: -15px !important;}&#8221;]<\/p>\n<h3 style=\"text-align: right;\"><span style=\"color: #eaa702;\">ARTS<\/span><\/h3>\n<p>[\/vc_column_text][\/vc_column][\/vc_row][vc_row css_animation=&#8221;&#8221; row_type=&#8221;row&#8221; use_row_as_full_screen_section=&#8221;yes&#8221; type=&#8221;full_width&#8221; angled_section=&#8221;no&#8221; text_align=&#8221;center&#8221; background_image_as_pattern=&#8221;without_pattern&#8221; z_index=&#8221;&#8221; css=&#8221;.vc_custom_1547375370542{margin-right: 75px !important;margin-left: 75px !important;}&#8221;][vc_column width=&#8221;1\/2&#8243; offset=&#8221;vc_hidden-lg vc_hidden-md vc_hidden-sm vc_hidden-xs&#8221;][vc_column_text]<\/p>\n<h3 style=\"text-align: left;\">_autor<\/h3>\n<p>[\/vc_column_text][\/vc_column][vc_column width=&#8221;1\/2&#8243; offset=&#8221;vc_hidden-lg vc_hidden-md vc_hidden-sm&#8221;][vc_column_text css=&#8221;.vc_custom_1557646795566{margin-right: 25px !important;}&#8221;]<\/p>\n<h1 style=\"text-align: right;\">Jaume Pla<\/h1>\n<p>[\/vc_column_text][vc_column_text css=&#8221;.vc_custom_1557646802616{margin-right: 25px !important;}&#8221;]<\/p>\n<h3 style=\"text-align: right;\"><span style=\"color: #eaa702;\">ARTS<\/span><\/h3>\n<p>[\/vc_column_text][\/vc_column][\/vc_row][vc_row css_animation=&#8221;&#8221; row_type=&#8221;row&#8221; use_row_as_full_screen_section=&#8221;no&#8221; type=&#8221;grid&#8221; angled_section=&#8221;no&#8221; text_align=&#8221;center&#8221; background_image_as_pattern=&#8221;without_pattern&#8221; z_index=&#8221;&#8221;][vc_column][vc_empty_space height=&#8221;61px&#8221;][\/vc_column][\/vc_row][vc_row css_animation=&#8221;&#8221; row_type=&#8221;row&#8221; use_row_as_full_screen_section=&#8221;no&#8221; type=&#8221;full_width&#8221; angled_section=&#8221;no&#8221; text_align=&#8221;center&#8221; background_image_as_pattern=&#8221;without_pattern&#8221; z_index=&#8221;&#8221;][vc_column width=&#8221;1\/2&#8243;][vc_single_image image=&#8221;702&#8243; img_size=&#8221;full&#8221; alignment=&#8221;right&#8221; qode_css_animation=&#8221;&#8221; css=&#8221;.vc_custom_1554225443711{margin-right: -30px !important;}&#8221;][\/vc_column][vc_column width=&#8221;1\/2&#8243;][vc_single_image image=&#8221;783&#8243; img_size=&#8221;full&#8221; alignment=&#8221;right&#8221; qode_css_animation=&#8221;&#8221; css=&#8221;.vc_custom_1557595853234{margin-right: -30px !important;}&#8221;][\/vc_column][\/vc_row][vc_row css_animation=&#8221;&#8221; row_type=&#8221;row&#8221; use_row_as_full_screen_section=&#8221;no&#8221; type=&#8221;grid&#8221; angled_section=&#8221;no&#8221; text_align=&#8221;center&#8221; background_image_as_pattern=&#8221;without_pattern&#8221; z_index=&#8221;&#8221;][vc_column offset=&#8221;vc_hidden-xs&#8221;][vc_empty_space height=&#8221;62px&#8221;][vc_empty_space height=&#8221;67px&#8221;][\/vc_column][\/vc_row][vc_row css_animation=&#8221;&#8221; row_type=&#8221;row&#8221; use_row_as_full_screen_section=&#8221;no&#8221; type=&#8221;grid&#8221; angled_section=&#8221;no&#8221; text_align=&#8221;center&#8221; background_image_as_pattern=&#8221;without_pattern&#8221; z_index=&#8221;&#8221;][vc_column offset=&#8221;vc_hidden-lg vc_hidden-md vc_hidden-sm&#8221;][vc_empty_space height=&#8221;23px&#8221;][\/vc_column][\/vc_row][vc_row css_animation=&#8221;&#8221; row_type=&#8221;row&#8221; use_row_as_full_screen_section=&#8221;yes&#8221; type=&#8221;full_width&#8221; angled_section=&#8221;no&#8221; text_align=&#8221;center&#8221; background_image_as_pattern=&#8221;without_pattern&#8221; z_index=&#8221;&#8221;][vc_column width=&#8221;1\/4&#8243;][\/vc_column][vc_column width=&#8221;1\/2&#8243;][vc_column_text css=&#8221;.vc_custom_1569855465582{margin-right: 20px !important;margin-left: 20px !important;}&#8221;]Polifac\u00e8tic creatiu dins el m\u00f3n les arts pl\u00e0stiques.<\/p>\n<p>Graduat a l&#8217;Escola Massana Centre d&#8217;Art i Disseny de Barcelona.<\/p>\n<p>Postgrau en la &#8220;Laplana Universitat de Rovaniemi&#8221; a Finl\u00e0ndia.<\/p>\n<p>M\u00e0ster de disseny de vehicles de transport a l&#8217;Escola Universit\u00e0ria de Disseny i enginyeria de Barcelona UPF Elisava.<\/p>\n<p>Exercint com a dissenyador en el seu propi estudi de disseny de producte i interiorisme &#8216;EstudiJaumepla&#8217;.<\/p>\n<p>Oferint tamb\u00e9 altres serveis creatius, com escenografia, disseny gr\u00e0fic, 3D i director d&#8217;art.<\/p>\n<p>Destacant un plat\u00f3 virtual per la pel\u00b7l\u00edcula ZERO produ\u00efda per Ridley Scott i Youtube i dirigida per David Victori.<\/p>\n<p>Premiat al 2016 amb la &#8216;Rosa de plata&#8217; per al millor disseny i remodelaci\u00f3 de la botiga &#8216;Vius de la Tallada&#8217; al districte del Barri vell de Barcelona.<\/p>\n<p>Esmentat en les Medalles ADI FAD (Associaci\u00f3 de Disseny Industrial del Foment de les Arts i el Disseny) pel disseny d&#8217;una embarcaci\u00f3.[\/vc_column_text][\/vc_column][vc_column width=&#8221;1\/4&#8243;][\/vc_column][\/vc_row][vc_row css_animation=&#8221;&#8221; row_type=&#8221;row&#8221; use_row_as_full_screen_section=&#8221;no&#8221; type=&#8221;grid&#8221; angled_section=&#8221;no&#8221; text_align=&#8221;center&#8221; background_image_as_pattern=&#8221;without_pattern&#8221; z_index=&#8221;&#8221;][vc_column offset=&#8221;vc_hidden-xs&#8221;][vc_empty_space height=&#8221;123px&#8221;][\/vc_column][\/vc_row][vc_row css_animation=&#8221;&#8221; row_type=&#8221;row&#8221; use_row_as_full_screen_section=&#8221;no&#8221; type=&#8221;grid&#8221; angled_section=&#8221;no&#8221; text_align=&#8221;center&#8221; background_image_as_pattern=&#8221;without_pattern&#8221; z_index=&#8221;&#8221;][vc_column offset=&#8221;vc_hidden-lg vc_hidden-md vc_hidden-sm&#8221;][vc_empty_space height=&#8221;23px&#8221;][\/vc_column][\/vc_row][vc_row css_animation=&#8221;&#8221; row_type=&#8221;row&#8221; use_row_as_full_screen_section=&#8221;yes&#8221; type=&#8221;full_width&#8221; angled_section=&#8221;no&#8221; text_align=&#8221;center&#8221; background_image_as_pattern=&#8221;without_pattern&#8221; z_index=&#8221;&#8221;][vc_column][vc_single_image image=&#8221;700&#8243; img_size=&#8221;full&#8221; qode_css_animation=&#8221;&#8221;][\/vc_column][\/vc_row][vc_row css_animation=&#8221;&#8221; row_type=&#8221;row&#8221; use_row_as_full_screen_section=&#8221;no&#8221; type=&#8221;grid&#8221; angled_section=&#8221;no&#8221; text_align=&#8221;center&#8221; background_image_as_pattern=&#8221;without_pattern&#8221; z_index=&#8221;&#8221; css=&#8221;.vc_custom_1547133456488{background-color: #ffffff !important;}&#8221;][vc_column offset=&#8221;vc_hidden-xs&#8221;][vc_empty_space height=&#8221;41px&#8221;][\/vc_column][\/vc_row][vc_row css_animation=&#8221;&#8221; row_type=&#8221;row&#8221; use_row_as_full_screen_section=&#8221;no&#8221; type=&#8221;grid&#8221; angled_section=&#8221;no&#8221; text_align=&#8221;left&#8221; background_image_as_pattern=&#8221;without_pattern&#8221; z_index=&#8221;&#8221;][vc_column offset=&#8221;vc_hidden-xs&#8221;][vc_empty_space height=&#8221;64px&#8221;][vc_single_image image=&#8221;484&#8243; img_size=&#8221;full&#8221; alignment=&#8221;center&#8221; qode_css_animation=&#8221;&#8221;][vc_empty_space height=&#8221;64px&#8221;][\/vc_column][\/vc_row][vc_row css_animation=&#8221;&#8221; row_type=&#8221;row&#8221; use_row_as_full_screen_section=&#8221;no&#8221; type=&#8221;grid&#8221; angled_section=&#8221;no&#8221; text_align=&#8221;left&#8221; background_image_as_pattern=&#8221;without_pattern&#8221; z_index=&#8221;&#8221;][vc_column width=&#8221;1\/6&#8243; offset=&#8221;vc_hidden-xs&#8221;][vc_column_text css=&#8221;.vc_custom_1559378469713{margin-bottom: 10px !important;}&#8221;]<\/p>\n<h1 style=\"text-align: right;\"><\/h1>\n<h1 style=\"text-align: right;\"><\/h1>\n<h1 style=\"text-align: right;\"><a href=\"https:\/\/www.artsjaumepla.com\/ca\">Jaume Pla<\/a><\/h1>\n<p>[\/vc_column_text][vc_column_text css=&#8221;.vc_custom_1569868544662{margin-top: -5px !important;}&#8221;]<\/p>\n<h3 style=\"text-align: right;\"><a href=\"https:\/\/www.artsjaumepla.com\/ca\"><span style=\"color: #eaa702;\">ARTS<\/span><\/a><\/h3>\n<p>[\/vc_column_text][\/vc_column][vc_column width=&#8221;1\/6&#8243;][\/vc_column][vc_column width=&#8221;1\/6&#8243;][\/vc_column][vc_column width=&#8221;1\/6&#8243;][\/vc_column][vc_column width=&#8221;1\/6&#8243;][\/vc_column][vc_column width=&#8221;1\/6&#8243; offset=&#8221;vc_hidden-xs&#8221; css=&#8221;.vc_custom_1559508658831{margin-top: 8px !important;}&#8221;]<span class='q_social_icon_holder normal_social' data-hover-color=#b2a796><a itemprop='url' href='https:\/\/www.facebook.com\/artsjaumepla' target='_blank'><i class=\"qode_icon_font_awesome fa fa-facebook fa-lg simple_social\" style=\"\" ><\/i><\/a><\/span><span class='q_social_icon_holder normal_social' data-hover-color=#b2a796><a itemprop='url' href='https:\/\/www.instagram.com\/artsjaumepla\/' target='_blank'><i class=\"qode_icon_font_awesome fa fa-instagram fa-lg simple_social\" style=\"\" ><\/i><\/a><\/span>[\/vc_column][\/vc_row][vc_row css_animation=&#8221;&#8221; row_type=&#8221;row&#8221; use_row_as_full_screen_section=&#8221;no&#8221; type=&#8221;grid&#8221; angled_section=&#8221;no&#8221; text_align=&#8221;left&#8221; background_image_as_pattern=&#8221;without_pattern&#8221; z_index=&#8221;&#8221;][vc_column offset=&#8221;vc_hidden-xs&#8221;][vc_empty_space height=&#8221;64px&#8221;][\/vc_column][\/vc_row][vc_row css_animation=&#8221;&#8221; row_type=&#8221;row&#8221; use_row_as_full_screen_section=&#8221;no&#8221; type=&#8221;grid&#8221; angled_section=&#8221;no&#8221; text_align=&#8221;left&#8221; background_image_as_pattern=&#8221;without_pattern&#8221; z_index=&#8221;&#8221;][vc_column width=&#8221;1\/6&#8243; offset=&#8221;vc_hidden-xs&#8221;][vc_column_text]<\/p>\n<h2 style=\"text-align: right;\"><a href=\"https:\/\/www.artsjaumepla.com\/ca\/shop\/\">BOTIGA<\/a><\/h2>\n<p>[\/vc_column_text][\/vc_column][vc_column width=&#8221;1\/6&#8243; offset=&#8221;vc_hidden-xs&#8221;][vc_column_text]<\/p>\n<h2 style=\"text-align: right;\"><a href=\"https:\/\/www.artsjaumepla.com\/ca\/quadres\/\">QUADRES<\/a><\/h2>\n<p>[\/vc_column_text][\/vc_column][vc_column width=&#8221;1\/6&#8243; offset=&#8221;vc_hidden-xs&#8221;][vc_column_text]<\/p>\n<h2 style=\"text-align: right;\"><a href=\"https:\/\/www.artsjaumepla.com\/ca\/autor\/\">AUTOR<\/a><\/h2>\n<p>[\/vc_column_text][\/vc_column][vc_column width=&#8221;1\/6&#8243; offset=&#8221;vc_hidden-xs&#8221;][vc_column_text]<\/p>\n<h2 style=\"text-align: right;\"><a href=\"https:\/\/www.artsjaumepla.com\/ca\/inspiracio\/\">INSPIRACI\u00d3<\/a><\/h2>\n<p>[\/vc_column_text][\/vc_column][vc_column width=&#8221;1\/6&#8243; offset=&#8221;vc_hidden-xs&#8221;][vc_column_text]<\/p>\n<h2 style=\"text-align: right;\"><a href=\"https:\/\/www.artsjaumepla.com\/ca\/contacte\/\">CONTACTE<\/a><\/h2>\n<p>[\/vc_column_text][\/vc_column][vc_column width=&#8221;1\/6&#8243;][\/vc_column][\/vc_row][vc_row css_animation=&#8221;&#8221; row_type=&#8221;row&#8221; use_row_as_full_screen_section=&#8221;no&#8221; type=&#8221;grid&#8221; angled_section=&#8221;no&#8221; text_align=&#8221;left&#8221; background_image_as_pattern=&#8221;without_pattern&#8221; z_index=&#8221;&#8221;][vc_column offset=&#8221;vc_hidden-xs&#8221;][vc_empty_space height=&#8221;52px&#8221;][\/vc_column][\/vc_row][vc_row css_animation=&#8221;&#8221; row_type=&#8221;row&#8221; use_row_as_full_screen_section=&#8221;no&#8221; type=&#8221;grid&#8221; angled_section=&#8221;no&#8221; text_align=&#8221;left&#8221; background_image_as_pattern=&#8221;without_pattern&#8221; z_index=&#8221;&#8221;][vc_column offset=&#8221;vc_hidden-xs&#8221;][vc_empty_space height=&#8221;26px&#8221;][\/vc_column][\/vc_row][vc_row css_animation=&#8221;&#8221; row_type=&#8221;row&#8221; use_row_as_full_screen_section=&#8221;no&#8221; type=&#8221;grid&#8221; angled_section=&#8221;no&#8221; text_align=&#8221;left&#8221; background_image_as_pattern=&#8221;without_pattern&#8221; z_index=&#8221;&#8221;][vc_column width=&#8221;1\/6&#8243; offset=&#8221;vc_hidden-xs&#8221;][vc_column_text]<\/p>\n<h6 style=\"text-align: right;\">\u00a9 copyright 2019<\/h6>\n<p>[\/vc_column_text][\/vc_column][vc_column width=&#8221;1\/6&#8243;][\/vc_column][vc_column width=&#8221;1\/6&#8243;][\/vc_column][vc_column width=&#8221;1\/6&#8243;][\/vc_column][vc_column width=&#8221;1\/6&#8243;][\/vc_column][vc_column width=&#8221;1\/6&#8243;][\/vc_column][\/vc_row][vc_row css_animation=&#8221;&#8221; row_type=&#8221;row&#8221; use_row_as_full_screen_section=&#8221;no&#8221; type=&#8221;grid&#8221; angled_section=&#8221;no&#8221; text_align=&#8221;left&#8221; background_image_as_pattern=&#8221;without_pattern&#8221; z_index=&#8221;&#8221;][vc_column offset=&#8221;vc_hidden-xs&#8221;][vc_empty_space height=&#8221;100px&#8221;][\/vc_column][\/vc_row][vc_row css_animation=&#8221;&#8221; row_type=&#8221;row&#8221; use_row_as_full_screen_section=&#8221;no&#8221; type=&#8221;full_width&#8221; angled_section=&#8221;no&#8221; text_align=&#8221;center&#8221; background_image_as_pattern=&#8221;without_pattern&#8221; z_index=&#8221;&#8221;][vc_column offset=&#8221;vc_hidden-lg vc_hidden-md vc_hidden-sm&#8221;][vc_empty_space][vc_column_text css=&#8221;.vc_custom_1569868694657{margin-bottom: 4px !important;}&#8221;]<\/p>\n<h1 style=\"text-align: center;\"><a href=\"https:\/\/www.artsjaumepla.com\/ca\">Jaume Pla<\/a><\/h1>\n<p>[\/vc_column_text][vc_column_text]<\/p>\n<h3 style=\"text-align: center;\"><a href=\"https:\/\/www.artsjaumepla.com\/ca\/\"><span style=\"color: #eaa702;\">ARTS<\/span><\/a><\/h3>\n<p>[\/vc_column_text][vc_empty_space height=&#8221;48px&#8221;][vc_column_text]<\/p>\n<h2 style=\"text-align: center;\"><a href=\"https:\/\/www.artsjaumepla.com\/ca\/shop\">BOTIGA<\/a><\/h2>\n<p>[\/vc_column_text][vc_empty_space height=&#8221;8px&#8221;][vc_column_text]<\/p>\n<h2 style=\"text-align: center;\"><a href=\"https:\/\/www.artsjaumepla.com\/ca\/quadres\/\">QUADRES<\/a><\/h2>\n<p>[\/vc_column_text][vc_empty_space height=&#8221;8px&#8221;][vc_column_text]<\/p>\n<h2 style=\"text-align: center;\"><a href=\"https:\/\/www.artsjaumepla.com\/ca\/autor\/\">AUTOR<\/a><\/h2>\n<p>[\/vc_column_text][vc_empty_space height=&#8221;8px&#8221;][vc_column_text]<\/p>\n<h2 style=\"text-align: center;\"><a href=\"https:\/\/www.artsjaumepla.com\/ca\/inspiracio\/\">INSPIRACI\u00d3<\/a><\/h2>\n<p>[\/vc_column_text][vc_empty_space height=&#8221;8px&#8221;][vc_column_text]<\/p>\n<h2 style=\"text-align: center;\"><a href=\"https:\/\/www.artsjaumepla.com\/ca\/contacte\/\">CONTACTE<\/a><\/h2>\n<p>[\/vc_column_text][vc_empty_space height=&#8221;48px&#8221;]<span class='q_social_icon_holder normal_social' data-hover-color=#b2a796><a itemprop='url' href='https:\/\/www.facebook.com\/artsjaumepla' target='_blank'><i class=\"qode_icon_font_awesome fa fa-facebook fa-lg simple_social\" style=\"\" ><\/i><\/a><\/span><span class='q_social_icon_holder normal_social' data-hover-color=#b2a796><a itemprop='url' href='https:\/\/www.instagram.com\/artsjaumepla\/' target='_blank'><i class=\"qode_icon_font_awesome fa fa-instagram fa-lg simple_social\" style=\"\" ><\/i><\/a><\/span>[vc_empty_space][vc_column_text]<\/p>\n<h6 style=\"text-align: center;\">\u00a9 copyright 2019<\/h6>\n<p>[\/vc_column_text][vc_empty_space][\/vc_column][\/vc_row]<\/p>\n<\/div>","protected":false},"excerpt":{"rendered":"<p>[vc_row css_animation=&#8221;&#8221; row_type=&#8221;row&#8221; use_row_as_full_screen_section=&#8221;no&#8221; type=&#8221;grid&#8221; angled_section=&#8221;no&#8221; text_align=&#8221;center&#8221; background_image_as_pattern=&#8221;without_pattern&#8221; z_index=&#8221;&#8221;][vc_column offset=&#8221;vc_hidden-xs&#8221;][vc_empty_space height=&#8221;61px&#8221;][\/vc_column][\/vc_row][vc_row css_animation=&#8221;&#8221; row_type=&#8221;row&#8221; use_row_as_full_screen_section=&#8221;no&#8221; type=&#8221;grid&#8221; angled_section=&#8221;no&#8221; text_align=&#8221;center&#8221; background_image_as_pattern=&#8221;without_pattern&#8221; z_index=&#8221;&#8221;][vc_column offset=&#8221;vc_hidden-lg vc_hidden-md vc_hidden-sm&#8221;][vc_empty_space height=&#8221;23px&#8221;][\/vc_column][\/vc_row][vc_row css_animation=&#8221;&#8221; row_type=&#8221;row&#8221; use_row_as_full_screen_section=&#8221;yes&#8221; type=&#8221;full_width&#8221; angled_section=&#8221;no&#8221; text_align=&#8221;center&#8221; background_image_as_pattern=&#8221;without_pattern&#8221; z_index=&#8221;&#8221; css=&#8221;.vc_custom_1547375370542{margin-right: 75px !important;margin-left: 75px !important;}&#8221;][vc_column width=&#8221;1\/2&#8243; offset=&#8221;vc_hidden-xs&#8221;][vc_column_text] _autor [\/vc_column_text][\/vc_column][vc_column width=&#8221;1\/2&#8243; offset=&#8221;vc_hidden-xs&#8221;][vc_column_text css=&#8221;.vc_custom_1554823234264{margin-right: 50px !important;}&#8221;]&#8230;<\/p>\n","protected":false},"author":1,"featured_media":0,"parent":0,"menu_order":0,"comment_status":"closed","ping_status":"closed","template":"full_width.php","meta":{"_exactmetrics_skip_tracking":false,"_exactmetrics_sitenote_active":false,"_exactmetrics_sitenote_note":"","_exactmetrics_sitenote_category":0,"footnotes":""},"class_list":["post-1995","page","type-page","status-publish","hentry"],"yoast_head":"<!-- This site is optimized with the Yoast SEO plugin v26.8 - https:\/\/yoast.com\/product\/yoast-seo-wordpress\/ -->\n<title>Autor | Arts Jaume Pla<\/title>\n<meta name=\"robots\" content=\"index, follow, max-snippet:-1, max-image-preview:large, max-video-preview:-1\" \/>\n<link rel=\"canonical\" href=\"https:\/\/www.artsjaumepla.com\/ca\/autor\/\" \/>\n<meta property=\"og:locale\" content=\"ca_ES\" \/>\n<meta property=\"og:type\" content=\"article\" \/>\n<meta property=\"og:title\" content=\"Autor | Arts Jaume Pla\" \/>\n<meta property=\"og:description\" content=\"[vc_row css_animation=&#8221;&#8221; row_type=&#8221;row&#8221; use_row_as_full_screen_section=&#8221;no&#8221; type=&#8221;grid&#8221; angled_section=&#8221;no&#8221; text_align=&#8221;center&#8221; background_image_as_pattern=&#8221;without_pattern&#8221; z_index=&#8221;&#8221;][vc_column offset=&#8221;vc_hidden-xs&#8221;][vc_empty_space height=&#8221;61px&#8221;][\/vc_column][\/vc_row][vc_row css_animation=&#8221;&#8221; row_type=&#8221;row&#8221; use_row_as_full_screen_section=&#8221;no&#8221; type=&#8221;grid&#8221; angled_section=&#8221;no&#8221; text_align=&#8221;center&#8221; background_image_as_pattern=&#8221;without_pattern&#8221; z_index=&#8221;&#8221;][vc_column offset=&#8221;vc_hidden-lg vc_hidden-md vc_hidden-sm&#8221;][vc_empty_space height=&#8221;23px&#8221;][\/vc_column][\/vc_row][vc_row css_animation=&#8221;&#8221; row_type=&#8221;row&#8221; use_row_as_full_screen_section=&#8221;yes&#8221; type=&#8221;full_width&#8221; angled_section=&#8221;no&#8221; text_align=&#8221;center&#8221; background_image_as_pattern=&#8221;without_pattern&#8221; z_index=&#8221;&#8221; css=&#8221;.vc_custom_1547375370542{margin-right: 75px !important;margin-left: 75px !important;}&#8221;][vc_column width=&#8221;1\/2&#8243; offset=&#8221;vc_hidden-xs&#8221;][vc_column_text] _autor [\/vc_column_text][\/vc_column][vc_column width=&#8221;1\/2&#8243; offset=&#8221;vc_hidden-xs&#8221;][vc_column_text css=&#8221;.vc_custom_1554823234264{margin-right: 50px !important;}&#8221;]...\" \/>\n<meta property=\"og:url\" content=\"https:\/\/www.artsjaumepla.com\/ca\/autor\/\" \/>\n<meta property=\"og:site_name\" content=\"Arts Jaume Pla\" \/>\n<meta property=\"article:modified_time\" content=\"2019-09-30T18:48:32+00:00\" \/>\n<meta name=\"twitter:card\" content=\"summary_large_image\" \/>\n<meta name=\"twitter:label1\" content=\"Temps estimat de lectura\" \/>\n\t<meta name=\"twitter:data1\" content=\"8 minuts\" \/>\n<script type=\"application\/ld+json\" class=\"yoast-schema-graph\">{\"@context\":\"https:\/\/schema.org\",\"@graph\":[{\"@type\":\"WebPage\",\"@id\":\"https:\/\/www.artsjaumepla.com\/ca\/autor\/\",\"url\":\"https:\/\/www.artsjaumepla.com\/ca\/autor\/\",\"name\":\"Autor | Arts Jaume Pla\",\"isPartOf\":{\"@id\":\"https:\/\/www.artsjaumepla.com\/#website\"},\"datePublished\":\"2019-09-24T20:47:00+00:00\",\"dateModified\":\"2019-09-30T18:48:32+00:00\",\"breadcrumb\":{\"@id\":\"https:\/\/www.artsjaumepla.com\/ca\/autor\/#breadcrumb\"},\"inLanguage\":\"ca\",\"potentialAction\":[{\"@type\":\"ReadAction\",\"target\":[\"https:\/\/www.artsjaumepla.com\/ca\/autor\/\"]}]},{\"@type\":\"BreadcrumbList\",\"@id\":\"https:\/\/www.artsjaumepla.com\/ca\/autor\/#breadcrumb\",\"itemListElement\":[{\"@type\":\"ListItem\",\"position\":1,\"name\":\"Inici\",\"item\":\"https:\/\/www.artsjaumepla.com\/ca\/\"},{\"@type\":\"ListItem\",\"position\":2,\"name\":\"Autor\"}]},{\"@type\":\"WebSite\",\"@id\":\"https:\/\/www.artsjaumepla.com\/#website\",\"url\":\"https:\/\/www.artsjaumepla.com\/\",\"name\":\"Arts Jaume Pla\",\"description\":\"Jaume pla\",\"potentialAction\":[{\"@type\":\"SearchAction\",\"target\":{\"@type\":\"EntryPoint\",\"urlTemplate\":\"https:\/\/www.artsjaumepla.com\/?s={search_term_string}\"},\"query-input\":{\"@type\":\"PropertyValueSpecification\",\"valueRequired\":true,\"valueName\":\"search_term_string\"}}],\"inLanguage\":\"ca\"}]}<\/script>\n<!-- \/ Yoast SEO plugin. -->","yoast_head_json":{"title":"Autor | Arts Jaume Pla","robots":{"index":"index","follow":"follow","max-snippet":"max-snippet:-1","max-image-preview":"max-image-preview:large","max-video-preview":"max-video-preview:-1"},"canonical":"https:\/\/www.artsjaumepla.com\/ca\/autor\/","og_locale":"ca_ES","og_type":"article","og_title":"Autor | Arts Jaume Pla","og_description":"[vc_row css_animation=&#8221;&#8221; row_type=&#8221;row&#8221; use_row_as_full_screen_section=&#8221;no&#8221; type=&#8221;grid&#8221; angled_section=&#8221;no&#8221; text_align=&#8221;center&#8221; background_image_as_pattern=&#8221;without_pattern&#8221; z_index=&#8221;&#8221;][vc_column offset=&#8221;vc_hidden-xs&#8221;][vc_empty_space height=&#8221;61px&#8221;][\/vc_column][\/vc_row][vc_row css_animation=&#8221;&#8221; row_type=&#8221;row&#8221; use_row_as_full_screen_section=&#8221;no&#8221; type=&#8221;grid&#8221; angled_section=&#8221;no&#8221; text_align=&#8221;center&#8221; background_image_as_pattern=&#8221;without_pattern&#8221; z_index=&#8221;&#8221;][vc_column offset=&#8221;vc_hidden-lg vc_hidden-md vc_hidden-sm&#8221;][vc_empty_space height=&#8221;23px&#8221;][\/vc_column][\/vc_row][vc_row css_animation=&#8221;&#8221; row_type=&#8221;row&#8221; use_row_as_full_screen_section=&#8221;yes&#8221; type=&#8221;full_width&#8221; angled_section=&#8221;no&#8221; text_align=&#8221;center&#8221; background_image_as_pattern=&#8221;without_pattern&#8221; z_index=&#8221;&#8221; css=&#8221;.vc_custom_1547375370542{margin-right: 75px !important;margin-left: 75px !important;}&#8221;][vc_column width=&#8221;1\/2&#8243; offset=&#8221;vc_hidden-xs&#8221;][vc_column_text] _autor [\/vc_column_text][\/vc_column][vc_column width=&#8221;1\/2&#8243; offset=&#8221;vc_hidden-xs&#8221;][vc_column_text css=&#8221;.vc_custom_1554823234264{margin-right: 50px !important;}&#8221;]...","og_url":"https:\/\/www.artsjaumepla.com\/ca\/autor\/","og_site_name":"Arts Jaume Pla","article_modified_time":"2019-09-30T18:48:32+00:00","twitter_card":"summary_large_image","twitter_misc":{"Temps estimat de lectura":"8 minuts"},"schema":{"@context":"https:\/\/schema.org","@graph":[{"@type":"WebPage","@id":"https:\/\/www.artsjaumepla.com\/ca\/autor\/","url":"https:\/\/www.artsjaumepla.com\/ca\/autor\/","name":"Autor | Arts Jaume Pla","isPartOf":{"@id":"https:\/\/www.artsjaumepla.com\/#website"},"datePublished":"2019-09-24T20:47:00+00:00","dateModified":"2019-09-30T18:48:32+00:00","breadcrumb":{"@id":"https:\/\/www.artsjaumepla.com\/ca\/autor\/#breadcrumb"},"inLanguage":"ca","potentialAction":[{"@type":"ReadAction","target":["https:\/\/www.artsjaumepla.com\/ca\/autor\/"]}]},{"@type":"BreadcrumbList","@id":"https:\/\/www.artsjaumepla.com\/ca\/autor\/#breadcrumb","itemListElement":[{"@type":"ListItem","position":1,"name":"Inici","item":"https:\/\/www.artsjaumepla.com\/ca\/"},{"@type":"ListItem","position":2,"name":"Autor"}]},{"@type":"WebSite","@id":"https:\/\/www.artsjaumepla.com\/#website","url":"https:\/\/www.artsjaumepla.com\/","name":"Arts Jaume Pla","description":"Jaume pla","potentialAction":[{"@type":"SearchAction","target":{"@type":"EntryPoint","urlTemplate":"https:\/\/www.artsjaumepla.com\/?s={search_term_string}"},"query-input":{"@type":"PropertyValueSpecification","valueRequired":true,"valueName":"search_term_string"}}],"inLanguage":"ca"}]}},"_links":{"self":[{"href":"https:\/\/www.artsjaumepla.com\/ca\/wp-json\/wp\/v2\/pages\/1995","targetHints":{"allow":["GET"]}}],"collection":[{"href":"https:\/\/www.artsjaumepla.com\/ca\/wp-json\/wp\/v2\/pages"}],"about":[{"href":"https:\/\/www.artsjaumepla.com\/ca\/wp-json\/wp\/v2\/types\/page"}],"author":[{"embeddable":true,"href":"https:\/\/www.artsjaumepla.com\/ca\/wp-json\/wp\/v2\/users\/1"}],"replies":[{"embeddable":true,"href":"https:\/\/www.artsjaumepla.com\/ca\/wp-json\/wp\/v2\/comments?post=1995"}],"version-history":[{"count":4,"href":"https:\/\/www.artsjaumepla.com\/ca\/wp-json\/wp\/v2\/pages\/1995\/revisions"}],"predecessor-version":[{"id":2958,"href":"https:\/\/www.artsjaumepla.com\/ca\/wp-json\/wp\/v2\/pages\/1995\/revisions\/2958"}],"wp:attachment":[{"href":"https:\/\/www.artsjaumepla.com\/ca\/wp-json\/wp\/v2\/media?parent=1995"}],"curies":[{"name":"wp","href":"https:\/\/api.w.org\/{rel}","templated":true}]}}